{"id":48,"date":"2020-06-20T13:04:37","date_gmt":"2020-06-20T11:04:37","guid":{"rendered":"http:\/\/alsacecombatmed.fr\/?page_id=48"},"modified":"2020-06-20T13:27:20","modified_gmt":"2020-06-20T11:27:20","slug":"le-behourd","status":"publish","type":"page","link":"https:\/\/alsacecombatmed.fr\/?page_id=48","title":{"rendered":"Le B\u00e9hourd"},"content":{"rendered":"\n<p>Le B\u00e9hourd est un sport de combat pratiqu\u00e9 en armure m\u00e9di\u00e9vale. C\u2019est une adaptation contemporaine des tournois de chevaliers (grandes m\u00eal\u00e9es o\u00f9 l\u2019on s\u2019affrontait d\u00e8s le XII\u00e8me si\u00e8cle). Les comp\u00e9titeurs s\u2019affrontent en armure int\u00e9grale, en duel ou en \u00e9quipe dans un espace clos appel\u00e9 \u00ab lice \u00bb, selon les r\u00e8gles officielles des 2 ligues internationales : <a href=\"http:\/\/www.medievalcombat.org\/\">IMCF <\/a>&amp; <a href=\"https:\/\/hmbia.com\/\">HMBIA <\/a>(Battle of the Nations). L\u2019objectif est de rester debout puisqu\u2019il suffit de trois appuis au sol pour \u00eatre \u00e9limin\u00e9. Les armes sont des r\u00e9pliques \u00e9mouss\u00e9es d\u2019armes historiques (\u00e9p\u00e9e, hache\u2026) permettant d\u2019affaiblir ou de d\u00e9sorienter son adversaire en le frappant. Le but \u00e9tant d\u2019arriver \u00e0 le mettre au sol par tous les moyens possibles, de la percussion \u00e0 la fourbe balayette.<\/p>\n\n\n\n<p>Le sport est pratiqu\u00e9 par plus de 350 personnes, selon le dernier comptage des adh\u00e9rentes et adh\u00e9rents de la<a href=\"https:\/\/combatmedieval.com\/\"> F\u00e9d\u00e9ration Fran\u00e7aise de B\u00e9hourd<\/a>. Aujourd\u2019hui, c\u2019est plus de 20 clubs qui proposent des entra\u00eenements r\u00e9guliers pour pr\u00e9parer les comp\u00e9titions nationales et internationales.  <\/p>\n\n\n\n<figure class=\"wp-block-image\"><img decoding=\"async\" loading=\"lazy\" width=\"640\" height=\"640\" src=\"http:\/\/alsacecombatmed.fr\/wp-content\/uploads\/2020\/06\/59380350_332565094072474_5027830270962921654_n.jpg\" alt=\"\" class=\"wp-image-68\" srcset=\"https:\/\/alsacecombatmed.fr\/wp-content\/uploads\/2020\/06\/59380350_332565094072474_5027830270962921654_n.jpg 640w, https:\/\/alsacecombatmed.fr\/wp-content\/uploads\/2020\/06\/59380350_332565094072474_5027830270962921654_n-150x150.jpg 150w, https:\/\/alsacecombatmed.fr\/wp-content\/uploads\/2020\/06\/59380350_332565094072474_5027830270962921654_n-300x300.jpg 300w, https:\/\/alsacecombatmed.fr\/wp-content\/uploads\/2020\/06\/59380350_332565094072474_5027830270962921654_n-100x100.jpg 100w\" sizes=\"(max-width: 640px) 100vw, 640px\" \/><figcaption>Combat de masse (150 vs 150) lors du tournoi international Battle of the Nations 2019<\/figcaption><\/figure>\n","protected":false},"excerpt":{"rendered":"<p>Le B\u00e9hourd est un sport de combat pratiqu\u00e9 en armure m\u00e9di\u00e9vale. C\u2019est une adaptation contemporaine des tournois de chevaliers (grandes m\u00eal\u00e9es o\u00f9 l\u2019on s\u2019affrontait d\u00e8s le XII\u00e8me si\u00e8cle). Les comp\u00e9titeurs s\u2019affrontent en armure int\u00e9grale, en duel ou en \u00e9quipe dans un espace clos appel\u00e9 \u00ab lice \u00bb, selon les r\u00e8gles officielles des 2 ligues internationales &hellip; <\/p>\n<p class=\"link-more\"><a href=\"https:\/\/alsacecombatmed.fr\/?page_id=48\" class=\"more-link\">Continue reading<span class=\"screen-reader-text\"> &#8220;Le B\u00e9hourd&#8221;<\/span><\/a><\/p>\n","protected":false},"author":1,"featured_media":0,"parent":0,"menu_order":0,"comment_status":"closed","ping_status":"closed","template":"","meta":[],"_links":{"self":[{"href":"https:\/\/alsacecombatmed.fr\/index.php?rest_route=\/wp\/v2\/pages\/48"}],"collection":[{"href":"https:\/\/alsacecombatmed.fr\/index.php?rest_route=\/wp\/v2\/pages"}],"about":[{"href":"https:\/\/alsacecombatmed.fr\/index.php?rest_route=\/wp\/v2\/types\/page"}],"author":[{"embeddable":true,"href":"https:\/\/alsacecombatmed.fr\/index.php?rest_route=\/wp\/v2\/users\/1"}],"replies":[{"embeddable":true,"href":"https:\/\/alsacecombatmed.fr\/index.php?rest_route=%2Fwp%2Fv2%2Fcomments&post=48"}],"version-history":[{"count":2,"href":"https:\/\/alsacecombatmed.fr\/index.php?rest_route=\/wp\/v2\/pages\/48\/revisions"}],"predecessor-version":[{"id":74,"href":"https:\/\/alsacecombatmed.fr\/index.php?rest_route=\/wp\/v2\/pages\/48\/revisions\/74"}],"wp:attachment":[{"href":"https:\/\/alsacecombatmed.fr\/index.php?rest_route=%2Fwp%2Fv2%2Fmedia&parent=48"}],"curies":[{"name":"wp","href":"https:\/\/api.w.org\/{rel}","templated":true}]}}