{"id":50,"date":"2020-06-20T13:05:56","date_gmt":"2020-06-20T11:05:56","guid":{"rendered":"http:\/\/alsacecombatmed.fr\/?page_id=50"},"modified":"2020-06-20T13:31:59","modified_gmt":"2020-06-20T11:31:59","slug":"partenaires","status":"publish","type":"page","link":"https:\/\/alsacecombatmed.fr\/?page_id=50","title":{"rendered":"Partenaires"},"content":{"rendered":"\n<p>Nos partenaires ci-apr\u00e8s nous aident \u00e0 d\u00e9velopper le sport et la culture autour du b\u00e9hourd et du moyen-\u00e2ge. Si vous aussi souhaitez nous aider, n\u2019h\u00e9sitez pas \u00e0 nous <a href=\"http:\/\/[contact-form-7 404 &quot;Not Found&quot;]\">contacter<\/a> pour convenir des modalit\u00e9s de partenariat.<\/p>\n\n\n\n<p>N\u2019oubliez pas que tout don (en nature\nou en esp\u00e8ce) est d\u00e9ductible de vos imp\u00f4ts personnels ou des\nimp\u00f4ts de votre soci\u00e9t\u00e9&nbsp;!<\/p>\n\n\n\n<figure class=\"wp-block-image\"><img decoding=\"async\" loading=\"lazy\" width=\"200\" height=\"200\" src=\"http:\/\/alsacecombatmed.fr\/wp-content\/uploads\/2020\/06\/10985235_803491309688309_2915195707859029720_n.jpg\" alt=\"\" class=\"wp-image-70\" srcset=\"https:\/\/alsacecombatmed.fr\/wp-content\/uploads\/2020\/06\/10985235_803491309688309_2915195707859029720_n.jpg 200w, https:\/\/alsacecombatmed.fr\/wp-content\/uploads\/2020\/06\/10985235_803491309688309_2915195707859029720_n-150x150.jpg 150w, https:\/\/alsacecombatmed.fr\/wp-content\/uploads\/2020\/06\/10985235_803491309688309_2915195707859029720_n-100x100.jpg 100w\" sizes=\"(max-width: 200px) 100vw, 200px\" \/><\/figure>\n\n\n\n<p><a href=\"https:\/\/combatmedieval.com\/\">F\u00e9d\u00e9ration Fran\u00e7aise de B\u00e9hourd<\/a><\/p>\n\n\n\n<figure class=\"wp-block-image is-resized\"><img decoding=\"async\" loading=\"lazy\" src=\"http:\/\/alsacecombatmed.fr\/wp-content\/uploads\/2020\/06\/Blason_granges.jpg\" alt=\"\" class=\"wp-image-69\" width=\"196\" height=\"196\" srcset=\"https:\/\/alsacecombatmed.fr\/wp-content\/uploads\/2020\/06\/Blason_granges.jpg 512w, https:\/\/alsacecombatmed.fr\/wp-content\/uploads\/2020\/06\/Blason_granges-150x150.jpg 150w, https:\/\/alsacecombatmed.fr\/wp-content\/uploads\/2020\/06\/Blason_granges-300x300.jpg 300w, https:\/\/alsacecombatmed.fr\/wp-content\/uploads\/2020\/06\/Blason_granges-100x100.jpg 100w\" sizes=\"(max-width: 196px) 100vw, 196px\" \/><\/figure>\n\n\n\n<p><a href=\"https:\/\/www.granges-aumontzey.fr\/\">Commune de Grange-Aumontzey<\/a><\/p>\n","protected":false},"excerpt":{"rendered":"<p>Nos partenaires ci-apr\u00e8s nous aident \u00e0 d\u00e9velopper le sport et la culture autour du b\u00e9hourd et du moyen-\u00e2ge. Si vous aussi souhaitez nous aider, n\u2019h\u00e9sitez pas \u00e0 nous contacter pour convenir des modalit\u00e9s de partenariat. N\u2019oubliez pas que tout don (en nature ou en esp\u00e8ce) est d\u00e9ductible de vos imp\u00f4ts personnels ou des imp\u00f4ts de &hellip; <\/p>\n<p class=\"link-more\"><a href=\"https:\/\/alsacecombatmed.fr\/?page_id=50\" class=\"more-link\">Continue reading<span class=\"screen-reader-text\"> &#8220;Partenaires&#8221;<\/span><\/a><\/p>\n","protected":false},"author":1,"featured_media":0,"parent":0,"menu_order":0,"comment_status":"closed","ping_status":"closed","template":"","meta":[],"_links":{"self":[{"href":"https:\/\/alsacecombatmed.fr\/index.php?rest_route=\/wp\/v2\/pages\/50"}],"collection":[{"href":"https:\/\/alsacecombatmed.fr\/index.php?rest_route=\/wp\/v2\/pages"}],"about":[{"href":"https:\/\/alsacecombatmed.fr\/index.php?rest_route=\/wp\/v2\/types\/page"}],"author":[{"embeddable":true,"href":"https:\/\/alsacecombatmed.fr\/index.php?rest_route=\/wp\/v2\/users\/1"}],"replies":[{"embeddable":true,"href":"https:\/\/alsacecombatmed.fr\/index.php?rest_route=%2Fwp%2Fv2%2Fcomments&post=50"}],"version-history":[{"count":5,"href":"https:\/\/alsacecombatmed.fr\/index.php?rest_route=\/wp\/v2\/pages\/50\/revisions"}],"predecessor-version":[{"id":78,"href":"https:\/\/alsacecombatmed.fr\/index.php?rest_route=\/wp\/v2\/pages\/50\/revisions\/78"}],"wp:attachment":[{"href":"https:\/\/alsacecombatmed.fr\/index.php?rest_route=%2Fwp%2Fv2%2Fmedia&parent=50"}],"curies":[{"name":"wp","href":"https:\/\/api.w.org\/{rel}","templated":true}]}}