{"id":52,"date":"2020-06-20T13:06:48","date_gmt":"2020-06-20T11:06:48","guid":{"rendered":"http:\/\/alsacecombatmed.fr\/?page_id=52"},"modified":"2020-06-27T10:10:27","modified_gmt":"2020-06-27T08:10:27","slug":"prestations-animations","status":"publish","type":"page","link":"https:\/\/alsacecombatmed.fr\/?page_id=52","title":{"rendered":"Prestations\/Animations"},"content":{"rendered":"\n<p>Afin de d\u00e9velopper le sport sous tous\nses aspects, nous sommes r\u00e9guli\u00e8rement amen\u00e9s \u00e0 r\u00e9aliser\ndiff\u00e9rents types de prestations et d\u2019animations, telles que&nbsp;:<\/p>\n\n\n\n<ul><li>D\u00e9monstration de combat dans le\n    cadre d\u2019une f\u00eate ou d\u2019un \u00e9v\u00e9nement m\u00e9di\u00e9val\n    <\/li><li>Animations p\u00e9dagogiques autour du\n    moyen-\u00e2ge\n    <\/li><li>Intervention dans le cadre de la\n    sauvegarde du patrimoine\n    <\/li><li>Participations \u00e0 des \u00e9v\u00e9nements\n    caritatifs\n<\/li><\/ul>\n\n\n\n<p>Si vous souhaitez faire venir nos combattantes et nos combattants \u00e0 votre \u00e9v\u00e9nement, n\u2019h\u00e9sitez pas \u00e0 nous contacter via le <a href=\"http:\/\/alsacecombatmed.fr\/?page_id=84\">formulaire de contact<\/a>. <\/p>\n\n\n\n<figure class=\"wp-block-image\"><img decoding=\"async\" loading=\"lazy\" width=\"1024\" height=\"682\" src=\"http:\/\/alsacecombatmed.fr\/wp-content\/uploads\/2020\/06\/83021793_180489113059215_2135617426455265280_n-1024x682.jpg\" alt=\"\" class=\"wp-image-71\" srcset=\"https:\/\/alsacecombatmed.fr\/wp-content\/uploads\/2020\/06\/83021793_180489113059215_2135617426455265280_n-1024x682.jpg 1024w, https:\/\/alsacecombatmed.fr\/wp-content\/uploads\/2020\/06\/83021793_180489113059215_2135617426455265280_n-300x200.jpg 300w, https:\/\/alsacecombatmed.fr\/wp-content\/uploads\/2020\/06\/83021793_180489113059215_2135617426455265280_n-768x511.jpg 768w, https:\/\/alsacecombatmed.fr\/wp-content\/uploads\/2020\/06\/83021793_180489113059215_2135617426455265280_n.jpg 2048w\" sizes=\"(max-width: 706px) 89vw, (max-width: 767px) 82vw, 740px\" \/><\/figure>\n","protected":false},"excerpt":{"rendered":"<p>Afin de d\u00e9velopper le sport sous tous ses aspects, nous sommes r\u00e9guli\u00e8rement amen\u00e9s \u00e0 r\u00e9aliser diff\u00e9rents types de prestations et d\u2019animations, telles que&nbsp;: D\u00e9monstration de combat dans le cadre d\u2019une f\u00eate ou d\u2019un \u00e9v\u00e9nement m\u00e9di\u00e9val Animations p\u00e9dagogiques autour du moyen-\u00e2ge Intervention dans le cadre de la sauvegarde du patrimoine Participations \u00e0 des \u00e9v\u00e9nements caritatifs Si &hellip; <\/p>\n<p class=\"link-more\"><a href=\"https:\/\/alsacecombatmed.fr\/?page_id=52\" class=\"more-link\">Continue reading<span class=\"screen-reader-text\"> &#8220;Prestations\/Animations&#8221;<\/span><\/a><\/p>\n","protected":false},"author":1,"featured_media":0,"parent":0,"menu_order":0,"comment_status":"closed","ping_status":"closed","template":"","meta":[],"_links":{"self":[{"href":"https:\/\/alsacecombatmed.fr\/index.php?rest_route=\/wp\/v2\/pages\/52"}],"collection":[{"href":"https:\/\/alsacecombatmed.fr\/index.php?rest_route=\/wp\/v2\/pages"}],"about":[{"href":"https:\/\/alsacecombatmed.fr\/index.php?rest_route=\/wp\/v2\/types\/page"}],"author":[{"embeddable":true,"href":"https:\/\/alsacecombatmed.fr\/index.php?rest_route=\/wp\/v2\/users\/1"}],"replies":[{"embeddable":true,"href":"https:\/\/alsacecombatmed.fr\/index.php?rest_route=%2Fwp%2Fv2%2Fcomments&post=52"}],"version-history":[{"count":5,"href":"https:\/\/alsacecombatmed.fr\/index.php?rest_route=\/wp\/v2\/pages\/52\/revisions"}],"predecessor-version":[{"id":93,"href":"https:\/\/alsacecombatmed.fr\/index.php?rest_route=\/wp\/v2\/pages\/52\/revisions\/93"}],"wp:attachment":[{"href":"https:\/\/alsacecombatmed.fr\/index.php?rest_route=%2Fwp%2Fv2%2Fmedia&parent=52"}],"curies":[{"name":"wp","href":"https:\/\/api.w.org\/{rel}","templated":true}]}}